{"id":102,"date":"2016-12-09T16:40:52","date_gmt":"2016-12-09T15:40:52","guid":{"rendered":"http:\/\/bogensportakademie.net\/wp\/?page_id=102"},"modified":"2024-12-19T23:31:15","modified_gmt":"2024-12-19T22:31:15","slug":"der-bogensport","status":"publish","type":"page","link":"https:\/\/www.bogensportakademie.net\/wp\/der-bogensport\/","title":{"rendered":"Sportsektionen"},"content":{"rendered":"<p>Die Bogensportakademie hat sich die F\u00f6rderung des Bogensports zum Ziel gesetzt \u2013 in erster Linie nat\u00fcrlich das Schie\u00dfen mit Pfeil und Bogen.\u00a0Im weitesten Sinne zum Bogensport geh\u00f6rt auch auch alles, was pfeilartig fliegt. In der BSA k\u00f6nnen Sie mit dem Blasrohr schie\u00dfen und den Armbrustsport aus\u00fcben.<\/p>\n<table style=\"height: 15px;\" width=\"890\">\n<tbody>\n<tr>\n<td style=\"width: 289px;\">\n<p><div style=\"width: 210px\" class=\"wp-caption alignleft\"><a href=\"https:\/\/www.bogensportakademie.net\/wp\/der-bogensport\/bogensport\/\" target=\"_blank\" rel=\"noopener\"><img loading=\"lazy\" decoding=\"async\" class=\"\" title=\"\" src=\"http:\/\/bogensportakademie.net\/wp\/wp-content\/uploads\/2016\/12\/bow_and_arrow_silhouette_by_stevenjp-d6oy4rq.jpg\" alt=\"Bogensport\" width=\"200\" height=\"142\" \/><\/a><p class=\"wp-caption-text\">Pfeil und Bogen<\/p><\/div><\/td>\n<td style=\"width: 289px;\">\n<p><div style=\"width: 210px\" class=\"wp-caption aligncenter\"><a href=\"https:\/\/www.bogensportakademie.net\/wp\/der-bogensport\/armbrust\/\" target=\"_blank\" rel=\"noopener\"><img loading=\"lazy\" decoding=\"async\" src=\"http:\/\/bogensportakademie.net\/wp\/wp-content\/uploads\/2016\/12\/Scorpyd-Crossbow.jpg\" alt=\"Armbrust\" width=\"200\" height=\"116\" \/><\/a><p class=\"wp-caption-text\">Armbrust<\/p><\/div><\/td>\n<td style=\"width: 290px;\">\n<p><div style=\"width: 210px\" class=\"wp-caption alignright\"><a href=\"https:\/\/www.bogensportakademie.net\/wp\/der-bogensport\/blasrohr\/\" target=\"_blank\" rel=\"noopener\"><img loading=\"lazy\" decoding=\"async\" title=\"\" src=\"http:\/\/bogensportakademie.net\/wp\/wp-content\/uploads\/2017\/01\/Blasrohr.gif\" alt=\"\" width=\"200\" height=\"20\" \/><\/a><p class=\"wp-caption-text\">Blasrohr<\/p><\/div><\/td>\n<\/tr>\n<\/tbody>\n<\/table>\n\r\n<i><nav aria-label=\"breadcrumbs\">\n            <div class=\"breadcrumb-container theme1\">\n                <ol>\n                                    <\/ol>\n            <\/div>\n        <\/nav>    <script type=\"application\/ld+json\">\n        {\n            \"@context\": \"http:\/\/schema.org\",\n            \"@type\": \"BreadcrumbList\",\n            \"itemListElement\": [\n                            ]\n        }\n    <\/script>\n   \n    <script>\n            <\/script>\n\r\n\t\r\nLetzte \u00c4nderung: <span class=\"last-modified-timestamp\">Dez 19, 2024 @ 23:31<\/span><\/i>\n","protected":false},"excerpt":{"rendered":"<p>Die Bogensportakademie hat sich die F\u00f6rderung des Bogensports zum Ziel gesetzt \u2013 in erster Linie nat\u00fcrlich das Schie\u00dfen mit Pfeil und Bogen.\u00a0Im weitesten Sinne zum Bogensport geh\u00f6rt auch auch alles, was pfeilartig fliegt. In der BSA k\u00f6nnen Sie mit dem Blasrohr schie\u00dfen und den Armbrustsport aus\u00fcben.<\/p>\n","protected":false},"author":115,"featured_media":0,"parent":0,"menu_order":50,"comment_status":"closed","ping_status":"closed","template":"","meta":{"_et_pb_use_builder":"off","_et_pb_old_content":"<p>Allgemeine Info zum Bogensport.<\/p><p>[learn_more caption=\"Augklappen\"] Hier kommt der Inhalt hin[\/learn_more]<\/p><p>[learn_more] Hier kommt der Inhalt hin[\/learn_more]<\/p>","_et_gb_content_width":"","footnotes":""},"class_list":["post-102","page","type-page","status-publish","hentry"],"_links":{"self":[{"href":"https:\/\/www.bogensportakademie.net\/wp\/wp-json\/wp\/v2\/pages\/102","targetHints":{"allow":["GET"]}}],"collection":[{"href":"https:\/\/www.bogensportakademie.net\/wp\/wp-json\/wp\/v2\/pages"}],"about":[{"href":"https:\/\/www.bogensportakademie.net\/wp\/wp-json\/wp\/v2\/types\/page"}],"author":[{"embeddable":true,"href":"https:\/\/www.bogensportakademie.net\/wp\/wp-json\/wp\/v2\/users\/115"}],"replies":[{"embeddable":true,"href":"https:\/\/www.bogensportakademie.net\/wp\/wp-json\/wp\/v2\/comments?post=102"}],"version-history":[{"count":4,"href":"https:\/\/www.bogensportakademie.net\/wp\/wp-json\/wp\/v2\/pages\/102\/revisions"}],"predecessor-version":[{"id":17979,"href":"https:\/\/www.bogensportakademie.net\/wp\/wp-json\/wp\/v2\/pages\/102\/revisions\/17979"}],"wp:attachment":[{"href":"https:\/\/www.bogensportakademie.net\/wp\/wp-json\/wp\/v2\/media?parent=102"}],"curies":[{"name":"wp","href":"https:\/\/api.w.org\/{rel}","templated":true}]}}